{"id":1428,"date":"2023-07-19T02:37:31","date_gmt":"2023-07-19T00:37:31","guid":{"rendered":"https:\/\/www.cabinetaecc.com\/?page_id=1428"},"modified":"2023-11-02T13:07:05","modified_gmt":"2023-11-02T12:07:05","slug":"assistance-fiscale-et-juridique","status":"publish","type":"page","link":"https:\/\/www.cabinetaecc.com\/en\/assistance-fiscale-et-juridique\/","title":{"rendered":"Tax and legal assistance"},"content":{"rendered":"<div data-elementor-type=\"wp-page\" data-elementor-id=\"1428\" class=\"elementor elementor-1428\">\n\t\t\t\t\t\t\t\t\t<section class=\"elementor-section elementor-top-section elementor-element elementor-element-d33e150 elementor-section-full_width elementor-section-height-default elementor-section-height-default\" data-id=\"d33e150\" data-element_type=\"section\" data-settings=\"{&quot;background_background&quot;:&quot;classic&quot;}\">\n\t\t\t\t\t\t\t<div class=\"elementor-background-overlay\"><\/div>\n\t\t\t\t\t\t\t<div class=\"elementor-container elementor-column-gap-default\">\n\t\t\t\t\t<div class=\"elementor-column elementor-col-100 elementor-top-column elementor-element elementor-element-9743861\" data-id=\"9743861\" data-element_type=\"column\">\n\t\t\t<div class=\"elementor-widget-wrap elementor-element-populated\">\n\t\t\t\t\t\t\t\t<section class=\"elementor-section elementor-inner-section elementor-element elementor-element-1d328c85 elementor-section-full_width elementor-section-height-default elementor-section-height-default\" data-id=\"1d328c85\" data-element_type=\"section\">\n\t\t\t\t\t\t<div class=\"elementor-container elementor-column-gap-default\">\n\t\t\t\t\t<div class=\"elementor-column elementor-col-100 elementor-inner-column elementor-element elementor-element-6ca18da6\" data-id=\"6ca18da6\" data-element_type=\"column\">\n\t\t\t<div class=\"elementor-widget-wrap elementor-element-populated\">\n\t\t\t\t\t\t\t\t<div class=\"elementor-element elementor-element-2f8aca2e elementor-widget elementor-widget-heading\" data-id=\"2f8aca2e\" data-element_type=\"widget\" data-widget_type=\"heading.default\">\n\t\t\t\t<div class=\"elementor-widget-container\">\n\t\t\t<style>\/*! elementor - v3.11.2 - 22-02-2023 *\/\n.elementor-heading-title{padding:0;margin:0;line-height:1}.elementor-widget-heading .elementor-heading-title[class*=elementor-size-]>a{color:inherit;font-size:inherit;line-height:inherit}.elementor-widget-heading .elementor-heading-title.elementor-size-small{font-size:15px}.elementor-widget-heading .elementor-heading-title.elementor-size-medium{font-size:19px}.elementor-widget-heading .elementor-heading-title.elementor-size-large{font-size:29px}.elementor-widget-heading .elementor-heading-title.elementor-size-xl{font-size:39px}.elementor-widget-heading .elementor-heading-title.elementor-size-xxl{font-size:59px}<\/style><h1 class=\"elementor-heading-title elementor-size-default\">Tax and legal assistance<\/h1>\t\t<\/div>\n\t\t\t\t<\/div>\n\t\t\t\t<div class=\"elementor-element elementor-element-40315d6e elementor-widget elementor-widget-heading\" data-id=\"40315d6e\" data-element_type=\"widget\" data-widget_type=\"heading.default\">\n\t\t\t\t<div class=\"elementor-widget-container\">\n\t\t\t<h5 class=\"elementor-heading-title elementor-size-default\">Understand and control the legal and tax aspects of your business with our professional expertise.<\/h5>\t\t<\/div>\n\t\t\t\t<\/div>\n\t\t\t\t\t<\/div>\n\t\t<\/div>\n\t\t\t\t\t\t\t<\/div>\n\t\t<\/section>\n\t\t\t\t\t<\/div>\n\t\t<\/div>\n\t\t\t\t\t\t\t<\/div>\n\t\t<\/section>\n\t\t\t\t<section class=\"elementor-section elementor-top-section elementor-element elementor-element-45eaab2e elementor-section-content-middle elementor-section-boxed elementor-section-height-default elementor-section-height-default\" data-id=\"45eaab2e\" data-element_type=\"section\">\n\t\t\t\t\t\t<div class=\"elementor-container elementor-column-gap-default\">\n\t\t\t\t\t<div class=\"elementor-column elementor-col-50 elementor-top-column elementor-element elementor-element-1db46d80 elementor-invisible\" data-id=\"1db46d80\" data-element_type=\"column\" data-settings=\"{&quot;animation&quot;:&quot;fadeInLeft&quot;}\">\n\t\t\t<div class=\"elementor-widget-wrap elementor-element-populated\">\n\t\t\t\t\t\t\t\t<div class=\"elementor-element elementor-element-7546fb47 elementor-widget elementor-widget-heading\" data-id=\"7546fb47\" data-element_type=\"widget\" data-widget_type=\"heading.default\">\n\t\t\t\t<div class=\"elementor-widget-container\">\n\t\t\t<h2 class=\"elementor-heading-title elementor-size-default\">OUR TEAMS<\/h2>\t\t<\/div>\n\t\t\t\t<\/div>\n\t\t\t\t<div class=\"elementor-element elementor-element-7d61235 elementor-widget elementor-widget-text-editor\" data-id=\"7d61235\" data-element_type=\"widget\" data-widget_type=\"text-editor.default\">\n\t\t\t\t<div class=\"elementor-widget-container\">\n\t\t\t<style>\/*! elementor - v3.11.2 - 22-02-2023 *\/\n.elementor-widget-text-editor.elementor-drop-cap-view-stacked .elementor-drop-cap{background-color:#818a91;color:#fff}.elementor-widget-text-editor.elementor-drop-cap-view-framed .elementor-drop-cap{color:#818a91;border:3px solid;background-color:transparent}.elementor-widget-text-editor:not(.elementor-drop-cap-view-default) .elementor-drop-cap{margin-top:8px}.elementor-widget-text-editor:not(.elementor-drop-cap-view-default) .elementor-drop-cap-letter{width:1em;height:1em}.elementor-widget-text-editor .elementor-drop-cap{float:left;text-align:center;line-height:1;font-size:50px}.elementor-widget-text-editor .elementor-drop-cap-letter{display:inline-block}<\/style>\t\t\t\t<p>The facts and your decisions are linked to the legal and tax framework of your business. It's essential to understand your environment, and more specifically your business strategy, in order to better analyze the legal and tax consequences of the operations you undertake.<\/p><p>Our staff put their know-how at your service. They are trained and qualified by English and French-speaking universities. They are accredited by the CEMAC (tax consultancy).<\/p>\t\t\t\t\t\t<\/div>\n\t\t\t\t<\/div>\n\t\t\t\t\t<\/div>\n\t\t<\/div>\n\t\t\t\t<div class=\"elementor-column elementor-col-50 elementor-top-column elementor-element elementor-element-62da0a26 elementor-invisible\" data-id=\"62da0a26\" data-element_type=\"column\" data-settings=\"{&quot;background_background&quot;:&quot;classic&quot;,&quot;animation&quot;:&quot;fadeInRight&quot;}\">\n\t\t\t<div class=\"elementor-widget-wrap elementor-element-populated\">\n\t\t\t\t\t\t\t\t<div class=\"elementor-element elementor-element-6e5e5b1 elementor-widget elementor-widget-image\" data-id=\"6e5e5b1\" data-element_type=\"widget\" data-widget_type=\"image.default\">\n\t\t\t\t<div class=\"elementor-widget-container\">\n\t\t\t<style>\/*! elementor - v3.11.2 - 22-02-2023 *\/\n.elementor-widget-image{text-align:center}.elementor-widget-image a{display:inline-block}.elementor-widget-image a img[src$=\".svg\"]{width:48px}.elementor-widget-image img{vertical-align:middle;display:inline-block}<\/style>\t\t\t\t\t\t\t\t\t\t\t\t<img loading=\"lazy\" decoding=\"async\" width=\"800\" height=\"534\" src=\"https:\/\/www.cabinetaecc.com\/wp-content\/uploads\/2023\/11\/04-min-1024x683.jpg\" class=\"attachment-large size-large wp-image-2212\" alt=\"\" srcset=\"https:\/\/www.cabinetaecc.com\/wp-content\/uploads\/2023\/11\/04-min-1024x683.jpg 1024w, https:\/\/www.cabinetaecc.com\/wp-content\/uploads\/2023\/11\/04-min-300x200.jpg 300w, https:\/\/www.cabinetaecc.com\/wp-content\/uploads\/2023\/11\/04-min-768x512.jpg 768w, https:\/\/www.cabinetaecc.com\/wp-content\/uploads\/2023\/11\/04-min-1536x1024.jpg 1536w, https:\/\/www.cabinetaecc.com\/wp-content\/uploads\/2023\/11\/04-min-2048x1365.jpg 2048w, https:\/\/www.cabinetaecc.com\/wp-content\/uploads\/2023\/11\/04-min-18x12.jpg 18w\" sizes=\"auto, (max-width: 800px) 100vw, 800px\" \/>\t\t\t\t\t\t\t\t\t\t\t\t\t\t\t<\/div>\n\t\t\t\t<\/div>\n\t\t\t\t\t<\/div>\n\t\t<\/div>\n\t\t\t\t\t\t\t<\/div>\n\t\t<\/section>\n\t\t\t\t<section class=\"elementor-section elementor-top-section elementor-element elementor-element-71057aa7 elementor-section-boxed elementor-section-height-default elementor-section-height-default\" data-id=\"71057aa7\" data-element_type=\"section\" data-settings=\"{&quot;background_background&quot;:&quot;classic&quot;}\">\n\t\t\t\t\t\t\t<div class=\"elementor-background-overlay\"><\/div>\n\t\t\t\t\t\t\t<div class=\"elementor-container elementor-column-gap-default\">\n\t\t\t\t\t<div class=\"elementor-column elementor-col-100 elementor-top-column elementor-element elementor-element-a985965\" data-id=\"a985965\" data-element_type=\"column\">\n\t\t\t<div class=\"elementor-widget-wrap elementor-element-populated\">\n\t\t\t\t\t\t\t\t<section class=\"elementor-section elementor-inner-section elementor-element elementor-element-773b90e4 elementor-section-boxed elementor-section-height-default elementor-section-height-default\" data-id=\"773b90e4\" data-element_type=\"section\">\n\t\t\t\t\t\t<div class=\"elementor-container elementor-column-gap-default\">\n\t\t\t\t\t<div class=\"elementor-column elementor-col-100 elementor-inner-column elementor-element elementor-element-34e14555 elementor-invisible\" data-id=\"34e14555\" data-element_type=\"column\" data-settings=\"{&quot;animation&quot;:&quot;fadeInUp&quot;}\">\n\t\t\t<div class=\"elementor-widget-wrap elementor-element-populated\">\n\t\t\t\t\t\t\t\t<div class=\"elementor-element elementor-element-3352ece elementor-widget elementor-widget-heading\" data-id=\"3352ece\" data-element_type=\"widget\" data-widget_type=\"heading.default\">\n\t\t\t\t<div class=\"elementor-widget-container\">\n\t\t\t<h2 class=\"elementor-heading-title elementor-size-default\">LEGAL SECRETARY\n<\/h2>\t\t<\/div>\n\t\t\t\t<\/div>\n\t\t\t\t\t<\/div>\n\t\t<\/div>\n\t\t\t\t\t\t\t<\/div>\n\t\t<\/section>\n\t\t\t\t<div class=\"elementor-element elementor-element-d4f4a40 elementor-widget elementor-widget-text-editor\" data-id=\"d4f4a40\" data-element_type=\"widget\" data-widget_type=\"text-editor.default\">\n\t\t\t\t<div class=\"elementor-widget-container\">\n\t\t\t\t\t\t\t<div class=\"elementor-element elementor-element-473c39f flex-horizontal-align-default flex-horizontal-align-tablet-default flex-horizontal-align-mobile-default flex-vertical-align-default flex-vertical-align-tablet-default flex-vertical-align-mobile-default elementor-widget elementor-widget-text-editor\" data-id=\"473c39f\" data-element_type=\"widget\" data-widget_type=\"text-editor.default\"><div class=\"elementor-widget-container\"><div class=\"elementor-text-editor elementor-clearfix\"><p>We take care of your company's legal secretariat and assist you in :<\/p><\/div><\/div><\/div><div class=\"elementor-element elementor-element-7ae88b8 flex-horizontal-align-default flex-horizontal-align-tablet-default flex-horizontal-align-mobile-default flex-vertical-align-default flex-vertical-align-tablet-default flex-vertical-align-mobile-default elementor-widget elementor-widget-text-editor\" data-id=\"7ae88b8\" data-element_type=\"widget\" data-widget_type=\"text-editor.default\"><div class=\"elementor-widget-container\"><div class=\"elementor-text-editor elementor-clearfix\"><ul><li>Assistance in choosing the company's legal form<\/li><li>Planning and carrying out company formation operations (administrative formalities, etc.)<\/li><li>Studying and carrying out operations to modify companies during their lifetime:<\/li><\/ul><p>- Capital increases, - Management of amendments to articles of association, - Mergers, conversions, demergers, dissolutions, liquidations, etc. - Annual legal monitoring of companies: - Drafting and sending out invitations to meetings, - Setting the agenda, - Liaising with the statutory auditor, - Assisting with the annual management report, - Creating legal registers, - Updating minutes, - Updating the securities register, - Legal filing of accounts and reports.<\/p><\/div><\/div><\/div>\t\t\t\t\t\t<\/div>\n\t\t\t\t<\/div>\n\t\t\t\t<section class=\"elementor-section elementor-inner-section elementor-element elementor-element-8e0ccd elementor-section-boxed elementor-section-height-default elementor-section-height-default\" data-id=\"8e0ccd\" data-element_type=\"section\">\n\t\t\t\t\t\t<div class=\"elementor-container elementor-column-gap-default\">\n\t\t\t\t\t<div class=\"elementor-column elementor-col-100 elementor-inner-column elementor-element elementor-element-fe5f8a7 elementor-invisible\" data-id=\"fe5f8a7\" data-element_type=\"column\" data-settings=\"{&quot;animation&quot;:&quot;fadeInLeft&quot;}\">\n\t\t\t<div class=\"elementor-widget-wrap elementor-element-populated\">\n\t\t\t\t\t\t\t\t<div class=\"elementor-element elementor-element-26f41c03 elementor-widget elementor-widget-elementskit-accordion\" data-id=\"26f41c03\" data-element_type=\"widget\" data-widget_type=\"elementskit-accordion.default\">\n\t\t\t\t<div class=\"elementor-widget-container\">\n\t\t\t<div class=\"ekit-wid-con\" >\n        <div class=\"elementskit-accordion accoedion-primary\" id=\"accordion-69e454cd9e7e0\">\n\n            \n                <div class=\"elementskit-card active\">\n                    <div class=\"elementskit-card-header\" id=\"primaryHeading-0-26f41c03\">\n                        <a href=\"#collapse-a25cb5469e454cd9e7e0\" class=\"ekit-accordion--toggler elementskit-btn-link collapsed\" data-ekit-toggle=\"collapse\" data-target=\"#Collapse-a25cb5469e454cd9e7e0\" aria-expanded=\"true\" aria-controls=\"Collapse-a25cb5469e454cd9e7e0\">\n                            \n                            <span class=\"ekit-accordion-title\">BUSINESS LAW<\/span>\n\n                            \n                                <div class=\"ekit_accordion_icon_group\">\n                                    <div class=\"ekit_accordion_normal_icon\">\n                                        <!-- Normal Icon -->\n                                        <i aria-hidden=\"true\" class=\"icon-open icon-right fas fa-chevron-down\"><\/i>                                    <\/div>\n\n                                    <div class=\"ekit_accordion_active_icon\">\n                                        <!-- Active Icon -->\n                                        <i aria-hidden=\"true\" class=\"icon-closed icon-right fas fa-chevron-up\"><\/i>                                    <\/div>\n\n                                <\/div>\n\n                            \n                                                    <\/a>\n                    <\/div>\n\n                    <div id=\"Collapse-a25cb5469e454cd9e7e0\" class=\"show collapse\" aria-labelledby=\"primaryHeading-0-26f41c03\" data-parent=\"#accordion-69e454cd9e7e0\">\n\n                        <div class=\"elementskit-card-body ekit-accordion--content\">\n                            <ul><li>Contracts &amp; leases<\/li><li>Conventions<\/li><\/ul>                        <\/div>\n\n                    <\/div>\n\n                <\/div><!-- .elementskit-card END -->\n\n                \n                <div class=\"elementskit-card\">\n                    <div class=\"elementskit-card-header\" id=\"primaryHeading-1-26f41c03\">\n                        <a href=\"#collapse-f685a7669e454cd9e7e0\" class=\"ekit-accordion--toggler elementskit-btn-link collapsed\" data-ekit-toggle=\"collapse\" data-target=\"#Collapse-f685a7669e454cd9e7e0\" aria-expanded=\"false\" aria-controls=\"Collapse-f685a7669e454cd9e7e0\">\n                            \n                            <span class=\"ekit-accordion-title\">TAX LAW<\/span>\n\n                            \n                                <div class=\"ekit_accordion_icon_group\">\n                                    <div class=\"ekit_accordion_normal_icon\">\n                                        <!-- Normal Icon -->\n                                        <i aria-hidden=\"true\" class=\"icon-open icon-right fas fa-chevron-down\"><\/i>                                    <\/div>\n\n                                    <div class=\"ekit_accordion_active_icon\">\n                                        <!-- Active Icon -->\n                                        <i aria-hidden=\"true\" class=\"icon-closed icon-right fas fa-chevron-up\"><\/i>                                    <\/div>\n\n                                <\/div>\n\n                            \n                                                    <\/a>\n                    <\/div>\n\n                    <div id=\"Collapse-f685a7669e454cd9e7e0\" class=\"collapse\" aria-labelledby=\"primaryHeading-1-26f41c03\" data-parent=\"#accordion-69e454cd9e7e0\">\n\n                        <div class=\"elementskit-card-body ekit-accordion--content\">\n                            <p>Our tax services include<\/p><ul><li>Preparing tax returns for businesses, the self-employed and private individuals<\/li><li>Assistance with tax audits<\/li><li>Tax consolidation for groups of companies<\/li><li>La gestion du patrimoine pour la fiscalit\u00e9 personnelle<\/li><li>Tax advice<\/li><\/ul>                        <\/div>\n\n                    <\/div>\n\n                <\/div><!-- .elementskit-card END -->\n\n                \n                <div class=\"elementskit-card\">\n                    <div class=\"elementskit-card-header\" id=\"primaryHeading-2-26f41c03\">\n                        <a href=\"#collapse-2a2caef69e454cd9e7e0\" class=\"ekit-accordion--toggler elementskit-btn-link collapsed\" data-ekit-toggle=\"collapse\" data-target=\"#Collapse-2a2caef69e454cd9e7e0\" aria-expanded=\"false\" aria-controls=\"Collapse-2a2caef69e454cd9e7e0\">\n                            \n                            <span class=\"ekit-accordion-title\">ASSISTANCE WITH SALES AND TRANSFERS<\/span>\n\n                            \n                                <div class=\"ekit_accordion_icon_group\">\n                                    <div class=\"ekit_accordion_normal_icon\">\n                                        <!-- Normal Icon -->\n                                        <i aria-hidden=\"true\" class=\"icon-open icon-right fas fa-chevron-down\"><\/i>                                    <\/div>\n\n                                    <div class=\"ekit_accordion_active_icon\">\n                                        <!-- Active Icon -->\n                                        <i aria-hidden=\"true\" class=\"icon-closed icon-right fas fa-chevron-up\"><\/i>                                    <\/div>\n\n                                <\/div>\n\n                            \n                                                    <\/a>\n                    <\/div>\n\n                    <div id=\"Collapse-2a2caef69e454cd9e7e0\" class=\"collapse\" aria-labelledby=\"primaryHeading-2-26f41c03\" data-parent=\"#accordion-69e454cd9e7e0\">\n\n                        <div class=\"elementskit-card-body ekit-accordion--content\">\n                            <p>\u00a0<\/p><ul><li>Means of transport ;<\/li><li>Means of communication ;<\/li><li>Office and computer equipment ;<\/li><\/ul><p>Allowing rapid intervention when needed.<\/p>                        <\/div>\n\n                    <\/div>\n\n                <\/div><!-- .elementskit-card END -->\n\n                \n                <div class=\"elementskit-card\">\n                    <div class=\"elementskit-card-header\" id=\"primaryHeading-3-26f41c03\">\n                        <a href=\"#collapse-1b026d269e454cd9e7e0\" class=\"ekit-accordion--toggler elementskit-btn-link collapsed\" data-ekit-toggle=\"collapse\" data-target=\"#Collapse-1b026d269e454cd9e7e0\" aria-expanded=\"false\" aria-controls=\"Collapse-1b026d269e454cd9e7e0\">\n                            \n                            <span class=\"ekit-accordion-title\">QUALITY SERVICES<\/span>\n\n                            \n                                <div class=\"ekit_accordion_icon_group\">\n                                    <div class=\"ekit_accordion_normal_icon\">\n                                        <!-- Normal Icon -->\n                                        <i aria-hidden=\"true\" class=\"icon-open icon-right fas fa-chevron-down\"><\/i>                                    <\/div>\n\n                                    <div class=\"ekit_accordion_active_icon\">\n                                        <!-- Active Icon -->\n                                        <i aria-hidden=\"true\" class=\"icon-closed icon-right fas fa-chevron-up\"><\/i>                                    <\/div>\n\n                                <\/div>\n\n                            \n                                                    <\/a>\n                    <\/div>\n\n                    <div id=\"Collapse-1b026d269e454cd9e7e0\" class=\"collapse\" aria-labelledby=\"primaryHeading-3-26f41c03\" data-parent=\"#accordion-69e454cd9e7e0\">\n\n                        <div class=\"elementskit-card-body ekit-accordion--content\">\n                            <p>AECC has adopted a policy of training, profit-sharing and loyalty-building for its staff, with the corollary of promoting quality service.<\/p><p>We've chosen to excel in our areas of expertise and earn the trust of our customers.<\/p><p>To ensure quality, our option is :<\/p><ul><li>To work according to the rules of independence and confidentiality;<\/li><li>Rely on the professional standards required internally, nationally (according to the Ordre National des Experts Comptables du Cameroun, (ONECCA)) and internationally (International Federation of Accountants (IFAC));<\/li><li>Provide in-house training and systematic review of work files.<\/li><\/ul><p>As a national firm, quality remains the essential element among the safety guarantees given to our customers.<\/p>                        <\/div>\n\n                    <\/div>\n\n                <\/div><!-- .elementskit-card END -->\n\n                        <\/div>\n    <\/div>\t\t<\/div>\n\t\t\t\t<\/div>\n\t\t\t\t\t<\/div>\n\t\t<\/div>\n\t\t\t\t\t\t\t<\/div>\n\t\t<\/section>\n\t\t\t\t\t<\/div>\n\t\t<\/div>\n\t\t\t\t\t\t\t<\/div>\n\t\t<\/section>\n\t\t\t\t<section class=\"elementor-section elementor-top-section elementor-element elementor-element-5b2a4481 elementor-section-boxed elementor-section-height-default elementor-section-height-default\" data-id=\"5b2a4481\" data-element_type=\"section\" data-settings=\"{&quot;background_background&quot;:&quot;classic&quot;}\">\n\t\t\t\t\t\t\t<div class=\"elementor-background-overlay\"><\/div>\n\t\t\t\t\t\t\t<div class=\"elementor-container elementor-column-gap-default\">\n\t\t\t\t\t<div class=\"elementor-column elementor-col-100 elementor-top-column elementor-element elementor-element-65268a4f elementor-invisible\" data-id=\"65268a4f\" data-element_type=\"column\" data-settings=\"{&quot;animation&quot;:&quot;fadeInRight&quot;}\">\n\t\t\t<div class=\"elementor-widget-wrap elementor-element-populated\">\n\t\t\t\t\t\t\t\t<div class=\"elementor-element elementor-element-75a1fe84 elementor-widget elementor-widget-heading\" data-id=\"75a1fe84\" data-element_type=\"widget\" data-widget_type=\"heading.default\">\n\t\t\t\t<div class=\"elementor-widget-container\">\n\t\t\t<h3 class=\"elementor-heading-title elementor-size-default\">Think of all the time and effort it takes to get your accounting in order.<\/h3>\t\t<\/div>\n\t\t\t\t<\/div>\n\t\t\t\t<div class=\"elementor-element elementor-element-771132bb elementor-widget elementor-widget-text-editor\" data-id=\"771132bb\" data-element_type=\"widget\" data-widget_type=\"text-editor.default\">\n\t\t\t\t<div class=\"elementor-widget-container\">\n\t\t\t\t\t\t\t<p>Let us handle the tedious work of bookkeeping, so you can concentrate on growing your business.\u00a0<\/p>\t\t\t\t\t\t<\/div>\n\t\t\t\t<\/div>\n\t\t\t\t<div class=\"elementor-element elementor-element-70b8fe3b elementor-mobile-align-center elementor-widget elementor-widget-button\" data-id=\"70b8fe3b\" data-element_type=\"widget\" data-widget_type=\"button.default\">\n\t\t\t\t<div class=\"elementor-widget-container\">\n\t\t\t\t\t<div class=\"elementor-button-wrapper\">\n\t\t\t<a href=\"https:\/\/www.cabinetaecc.com\/en\/contact\/\" class=\"elementor-button-link elementor-button elementor-size-md\" role=\"button\">\n\t\t\t\t\t\t<span class=\"elementor-button-content-wrapper\">\n\t\t\t\t\t\t<span class=\"elementor-button-text\">Contact us<\/span>\n\t\t<\/span>\n\t\t\t\t\t<\/a>\n\t\t<\/div>\n\t\t\t\t<\/div>\n\t\t\t\t<\/div>\n\t\t\t\t\t<\/div>\n\t\t<\/div>\n\t\t\t\t\t\t\t<\/div>\n\t\t<\/section>\n\t\t\t\t\t\t\t<\/div>","protected":false},"excerpt":{"rendered":"<p>Comprenez et ma\u00eetrisez les aspects juridiques et fiscaux de votre activit\u00e9 avec notre expertise professionnelle. NOS EQUIPES Les faits et vos d\u00e9cisions sont li\u00e9s au cadre juridique et fiscal de votre activit\u00e9. Il est essentiel de bien comprendre votre environnement et plus sp\u00e9cifiquement, votre strat\u00e9gie d\u2019entreprise afin de mieux analyser les cons\u00e9quences juridiques et fiscales [&hellip;]<\/p>","protected":false},"author":1,"featured_media":0,"parent":0,"menu_order":0,"comment_status":"closed","ping_status":"closed","template":"","meta":{"footnotes":""},"class_list":["post-1428","page","type-page","status-publish","hentry"],"_links":{"self":[{"href":"https:\/\/www.cabinetaecc.com\/en\/wp-json\/wp\/v2\/pages\/1428","targetHints":{"allow":["GET"]}}],"collection":[{"href":"https:\/\/www.cabinetaecc.com\/en\/wp-json\/wp\/v2\/pages"}],"about":[{"href":"https:\/\/www.cabinetaecc.com\/en\/wp-json\/wp\/v2\/types\/page"}],"author":[{"embeddable":true,"href":"https:\/\/www.cabinetaecc.com\/en\/wp-json\/wp\/v2\/users\/1"}],"replies":[{"embeddable":true,"href":"https:\/\/www.cabinetaecc.com\/en\/wp-json\/wp\/v2\/comments?post=1428"}],"version-history":[{"count":28,"href":"https:\/\/www.cabinetaecc.com\/en\/wp-json\/wp\/v2\/pages\/1428\/revisions"}],"predecessor-version":[{"id":2247,"href":"https:\/\/www.cabinetaecc.com\/en\/wp-json\/wp\/v2\/pages\/1428\/revisions\/2247"}],"wp:attachment":[{"href":"https:\/\/www.cabinetaecc.com\/en\/wp-json\/wp\/v2\/media?parent=1428"}],"curies":[{"name":"wp","href":"https:\/\/api.w.org\/{rel}","templated":true}]}}