{"id":1418,"date":"2023-07-19T02:34:35","date_gmt":"2023-07-19T00:34:35","guid":{"rendered":"https:\/\/www.cabinetaecc.com\/?page_id=1418"},"modified":"2023-11-02T13:08:31","modified_gmt":"2023-11-02T12:08:31","slug":"audit","status":"publish","type":"page","link":"https:\/\/www.cabinetaecc.com\/en\/audit\/","title":{"rendered":"Audit"},"content":{"rendered":"<div data-elementor-type=\"wp-page\" data-elementor-id=\"1418\" class=\"elementor elementor-1418\">\n\t\t\t\t\t\t\t\t\t<section class=\"elementor-section elementor-top-section elementor-element elementor-element-d33e150 elementor-section-boxed elementor-section-height-default elementor-section-height-default\" data-id=\"d33e150\" data-element_type=\"section\" data-settings=\"{&quot;background_background&quot;:&quot;classic&quot;}\">\n\t\t\t\t\t\t\t<div class=\"elementor-background-overlay\"><\/div>\n\t\t\t\t\t\t\t<div class=\"elementor-container elementor-column-gap-default\">\n\t\t\t\t\t<div class=\"elementor-column elementor-col-100 elementor-top-column elementor-element elementor-element-9743861\" data-id=\"9743861\" data-element_type=\"column\">\n\t\t\t<div class=\"elementor-widget-wrap elementor-element-populated\">\n\t\t\t\t\t\t\t\t<section class=\"elementor-section elementor-inner-section elementor-element elementor-element-1d328c85 elementor-section-boxed elementor-section-height-default elementor-section-height-default\" data-id=\"1d328c85\" data-element_type=\"section\">\n\t\t\t\t\t\t<div class=\"elementor-container elementor-column-gap-default\">\n\t\t\t\t\t<div class=\"elementor-column elementor-col-100 elementor-inner-column elementor-element elementor-element-6ca18da6\" data-id=\"6ca18da6\" data-element_type=\"column\">\n\t\t\t<div class=\"elementor-widget-wrap elementor-element-populated\">\n\t\t\t\t\t\t\t\t<div class=\"elementor-element elementor-element-2f8aca2e elementor-widget elementor-widget-heading\" data-id=\"2f8aca2e\" data-element_type=\"widget\" data-widget_type=\"heading.default\">\n\t\t\t\t<div class=\"elementor-widget-container\">\n\t\t\t<style>\/*! elementor - v3.11.2 - 22-02-2023 *\/\n.elementor-heading-title{padding:0;margin:0;line-height:1}.elementor-widget-heading .elementor-heading-title[class*=elementor-size-]>a{color:inherit;font-size:inherit;line-height:inherit}.elementor-widget-heading .elementor-heading-title.elementor-size-small{font-size:15px}.elementor-widget-heading .elementor-heading-title.elementor-size-medium{font-size:19px}.elementor-widget-heading .elementor-heading-title.elementor-size-large{font-size:29px}.elementor-widget-heading .elementor-heading-title.elementor-size-xl{font-size:39px}.elementor-widget-heading .elementor-heading-title.elementor-size-xxl{font-size:59px}<\/style><h1 class=\"elementor-heading-title elementor-size-default\">Audit<\/h1>\t\t<\/div>\n\t\t\t\t<\/div>\n\t\t\t\t<div class=\"elementor-element elementor-element-40315d6e elementor-widget elementor-widget-heading\" data-id=\"40315d6e\" data-element_type=\"widget\" data-widget_type=\"heading.default\">\n\t\t\t\t<div class=\"elementor-widget-container\">\n\t\t\t<h5 class=\"elementor-heading-title elementor-size-default\">Secure your financial activities with our legal and contractual audits.<\/h5>\t\t<\/div>\n\t\t\t\t<\/div>\n\t\t\t\t\t<\/div>\n\t\t<\/div>\n\t\t\t\t\t\t\t<\/div>\n\t\t<\/section>\n\t\t\t\t\t<\/div>\n\t\t<\/div>\n\t\t\t\t\t\t\t<\/div>\n\t\t<\/section>\n\t\t\t\t<section class=\"elementor-section elementor-top-section elementor-element elementor-element-45eaab2e elementor-section-content-middle elementor-section-boxed elementor-section-height-default elementor-section-height-default\" data-id=\"45eaab2e\" data-element_type=\"section\">\n\t\t\t\t\t\t<div class=\"elementor-container elementor-column-gap-default\">\n\t\t\t\t\t<div class=\"elementor-column elementor-col-100 elementor-top-column elementor-element elementor-element-1db46d80 elementor-invisible\" data-id=\"1db46d80\" data-element_type=\"column\" data-settings=\"{&quot;animation&quot;:&quot;fadeInLeft&quot;}\">\n\t\t\t<div class=\"elementor-widget-wrap elementor-element-populated\">\n\t\t\t\t\t\t\t\t<div class=\"elementor-element elementor-element-3fd9968 elementor-widget elementor-widget-text-editor\" data-id=\"3fd9968\" data-element_type=\"widget\" data-widget_type=\"text-editor.default\">\n\t\t\t\t<div class=\"elementor-widget-container\">\n\t\t\t<style>\/*! elementor - v3.11.2 - 22-02-2023 *\/\n.elementor-widget-text-editor.elementor-drop-cap-view-stacked .elementor-drop-cap{background-color:#818a91;color:#fff}.elementor-widget-text-editor.elementor-drop-cap-view-framed .elementor-drop-cap{color:#818a91;border:3px solid;background-color:transparent}.elementor-widget-text-editor:not(.elementor-drop-cap-view-default) .elementor-drop-cap{margin-top:8px}.elementor-widget-text-editor:not(.elementor-drop-cap-view-default) .elementor-drop-cap-letter{width:1em;height:1em}.elementor-widget-text-editor .elementor-drop-cap{float:left;text-align:center;line-height:1;font-size:50px}.elementor-widget-text-editor .elementor-drop-cap-letter{display:inline-block}<\/style>\t\t\t\t<p><span style=\"color: rgb(242, 167, 27); font-size: 14px; font-weight: 600; letter-spacing: 2px;\">We have the expertise&nbsp;<\/span><br><\/p>\t\t\t\t\t\t<\/div>\n\t\t\t\t<\/div>\n\t\t\t\t<div class=\"elementor-element elementor-element-7546fb47 elementor-widget elementor-widget-heading\" data-id=\"7546fb47\" data-element_type=\"widget\" data-widget_type=\"heading.default\">\n\t\t\t\t<div class=\"elementor-widget-container\">\n\t\t\t<h3 class=\"elementor-heading-title elementor-size-default\">AUDIT CONTRACTUEL OU AUDIT L\u00c9GAL<\/h3>\t\t<\/div>\n\t\t\t\t<\/div>\n\t\t\t\t<section class=\"elementor-section elementor-inner-section elementor-element elementor-element-468713e1 elementor-section-boxed elementor-section-height-default elementor-section-height-default\" data-id=\"468713e1\" data-element_type=\"section\">\n\t\t\t\t\t\t<div class=\"elementor-container elementor-column-gap-default\">\n\t\t\t\t\t<div class=\"elementor-column elementor-col-50 elementor-inner-column elementor-element elementor-element-30a1e6ad elementor-invisible\" data-id=\"30a1e6ad\" data-element_type=\"column\" data-settings=\"{&quot;animation&quot;:&quot;fadeInUp&quot;}\">\n\t\t\t<div class=\"elementor-widget-wrap elementor-element-populated\">\n\t\t\t\t\t\t\t\t<div class=\"elementor-element elementor-element-cd60156 elementor-widget elementor-widget-text-editor\" data-id=\"cd60156\" data-element_type=\"widget\" data-widget_type=\"text-editor.default\">\n\t\t\t\t<div class=\"elementor-widget-container\">\n\t\t\t\t\t\t\t<p>Our statutory and contractual audit assignments guarantee you optimized monitoring, a precise view of your activities and reliable financial information. AECC secures your business and optimizes your administrative and financial organization. Close to the audited entity, we cultivate the \"trust\" factor that goes hand in hand with the statutory auditor's mission.<\/p><p><strong>Legal and contractual auditing: respecting ethical rules<\/strong><\/p>\t\t\t\t\t\t<\/div>\n\t\t\t\t<\/div>\n\t\t\t\t\t<\/div>\n\t\t<\/div>\n\t\t\t\t<div class=\"elementor-column elementor-col-50 elementor-inner-column elementor-element elementor-element-34f83cd elementor-invisible\" data-id=\"34f83cd\" data-element_type=\"column\" data-settings=\"{&quot;animation&quot;:&quot;fadeInUp&quot;}\">\n\t\t\t<div class=\"elementor-widget-wrap elementor-element-populated\">\n\t\t\t\t\t\t\t\t<div class=\"elementor-element elementor-element-fbca4bc elementor-widget elementor-widget-image\" data-id=\"fbca4bc\" data-element_type=\"widget\" data-widget_type=\"image.default\">\n\t\t\t\t<div class=\"elementor-widget-container\">\n\t\t\t<style>\/*! elementor - v3.11.2 - 22-02-2023 *\/\n.elementor-widget-image{text-align:center}.elementor-widget-image a{display:inline-block}.elementor-widget-image a img[src$=\".svg\"]{width:48px}.elementor-widget-image img{vertical-align:middle;display:inline-block}<\/style>\t\t\t\t\t\t\t\t\t\t\t\t<img loading=\"lazy\" decoding=\"async\" width=\"800\" height=\"451\" src=\"https:\/\/www.cabinetaecc.com\/wp-content\/uploads\/2023\/11\/07-min-1024x577.jpg\" class=\"attachment-large size-large wp-image-2251\" alt=\"\" srcset=\"https:\/\/www.cabinetaecc.com\/wp-content\/uploads\/2023\/11\/07-min-1024x577.jpg 1024w, https:\/\/www.cabinetaecc.com\/wp-content\/uploads\/2023\/11\/07-min-300x169.jpg 300w, https:\/\/www.cabinetaecc.com\/wp-content\/uploads\/2023\/11\/07-min-768x433.jpg 768w, https:\/\/www.cabinetaecc.com\/wp-content\/uploads\/2023\/11\/07-min-1536x865.jpg 1536w, https:\/\/www.cabinetaecc.com\/wp-content\/uploads\/2023\/11\/07-min-2048x1153.jpg 2048w, https:\/\/www.cabinetaecc.com\/wp-content\/uploads\/2023\/11\/07-min-18x10.jpg 18w\" sizes=\"auto, (max-width: 800px) 100vw, 800px\" \/>\t\t\t\t\t\t\t\t\t\t\t\t\t\t\t<\/div>\n\t\t\t\t<\/div>\n\t\t\t\t\t<\/div>\n\t\t<\/div>\n\t\t\t\t\t\t\t<\/div>\n\t\t<\/section>\n\t\t\t\t<section class=\"elementor-section elementor-inner-section elementor-element elementor-element-74acb99 elementor-section-boxed elementor-section-height-default elementor-section-height-default\" data-id=\"74acb99\" data-element_type=\"section\">\n\t\t\t\t\t\t<div class=\"elementor-container elementor-column-gap-default\">\n\t\t\t\t\t<div class=\"elementor-column elementor-col-50 elementor-inner-column elementor-element elementor-element-d96a732 elementor-invisible\" data-id=\"d96a732\" data-element_type=\"column\" data-settings=\"{&quot;animation&quot;:&quot;fadeInUp&quot;}\">\n\t\t\t<div class=\"elementor-widget-wrap elementor-element-populated\">\n\t\t\t\t\t\t\t\t<div class=\"elementor-element elementor-element-5dce16d elementor-widget elementor-widget-image\" data-id=\"5dce16d\" data-element_type=\"widget\" data-widget_type=\"image.default\">\n\t\t\t\t<div class=\"elementor-widget-container\">\n\t\t\t\t\t\t\t\t\t\t\t\t\t\t\t<img loading=\"lazy\" decoding=\"async\" width=\"800\" height=\"534\" src=\"https:\/\/www.cabinetaecc.com\/wp-content\/uploads\/2023\/07\/IMG_0353-min-1024x683.jpg\" class=\"attachment-large size-large wp-image-1760\" alt=\"\" srcset=\"https:\/\/www.cabinetaecc.com\/wp-content\/uploads\/2023\/07\/IMG_0353-min-1024x683.jpg 1024w, https:\/\/www.cabinetaecc.com\/wp-content\/uploads\/2023\/07\/IMG_0353-min-300x200.jpg 300w, https:\/\/www.cabinetaecc.com\/wp-content\/uploads\/2023\/07\/IMG_0353-min-768x512.jpg 768w, https:\/\/www.cabinetaecc.com\/wp-content\/uploads\/2023\/07\/IMG_0353-min-1536x1024.jpg 1536w, https:\/\/www.cabinetaecc.com\/wp-content\/uploads\/2023\/07\/IMG_0353-min-2048x1365.jpg 2048w\" sizes=\"auto, (max-width: 800px) 100vw, 800px\" \/>\t\t\t\t\t\t\t\t\t\t\t\t\t\t\t<\/div>\n\t\t\t\t<\/div>\n\t\t\t\t\t<\/div>\n\t\t<\/div>\n\t\t\t\t<div class=\"elementor-column elementor-col-50 elementor-inner-column elementor-element elementor-element-a70905e elementor-invisible\" data-id=\"a70905e\" data-element_type=\"column\" data-settings=\"{&quot;animation&quot;:&quot;fadeInUp&quot;}\">\n\t\t\t<div class=\"elementor-widget-wrap elementor-element-populated\">\n\t\t\t\t\t\t\t\t<div class=\"elementor-element elementor-element-ef0d607 elementor-widget elementor-widget-text-editor\" data-id=\"ef0d607\" data-element_type=\"widget\" data-widget_type=\"text-editor.default\">\n\t\t\t\t<div class=\"elementor-widget-container\">\n\t\t\t\t\t\t\t<p class=\" translation-block\">We adhere to a code of ethics and ensure quality control to guarantee your financial security. Integrity, competence, independence and discretion are the hallmarks of AECC's auditors, who carry out every statutory audit assignment with honesty and uprightness. Their impartial attitude is characterized by the absence of any prejudice or bias. As AECC chartered accountants are recognized by the CEMAC and the Ordre National des Experts-Comptables, they are not only subject to the latter's control, but also to the obligation of continuous training, necessary to ensure quality work.<\/p><p>AECC guarantees you reliable, transparent and certified financial information within agreed deadlines. The contractual audit is carried out in compliance with OHADA AND IFRS standards.<\/p>\t\t\t\t\t\t<\/div>\n\t\t\t\t<\/div>\n\t\t\t\t\t<\/div>\n\t\t<\/div>\n\t\t\t\t\t\t\t<\/div>\n\t\t<\/section>\n\t\t\t\t\t<\/div>\n\t\t<\/div>\n\t\t\t\t\t\t\t<\/div>\n\t\t<\/section>\n\t\t\t\t<section class=\"elementor-section elementor-top-section elementor-element elementor-element-3040eb9b elementor-section-boxed elementor-section-height-default elementor-section-height-default\" data-id=\"3040eb9b\" data-element_type=\"section\" data-settings=\"{&quot;background_background&quot;:&quot;classic&quot;}\">\n\t\t\t\t\t\t\t<div class=\"elementor-background-overlay\"><\/div>\n\t\t\t\t\t\t\t<div class=\"elementor-container elementor-column-gap-default\">\n\t\t\t\t\t<div class=\"elementor-column elementor-col-100 elementor-top-column elementor-element elementor-element-6158dfc8\" data-id=\"6158dfc8\" data-element_type=\"column\">\n\t\t\t<div class=\"elementor-widget-wrap elementor-element-populated\">\n\t\t\t\t\t\t\t\t<section class=\"elementor-section elementor-inner-section elementor-element elementor-element-461e43f9 elementor-section-boxed elementor-section-height-default elementor-section-height-default\" data-id=\"461e43f9\" data-element_type=\"section\">\n\t\t\t\t\t\t<div class=\"elementor-container elementor-column-gap-default\">\n\t\t\t\t\t<div class=\"elementor-column elementor-col-100 elementor-inner-column elementor-element elementor-element-6c9cb13b elementor-invisible\" data-id=\"6c9cb13b\" data-element_type=\"column\" data-settings=\"{&quot;animation&quot;:&quot;fadeInUp&quot;}\">\n\t\t\t<div class=\"elementor-widget-wrap elementor-element-populated\">\n\t\t\t\t\t\t\t\t<div class=\"elementor-element elementor-element-2ae74dd7 elementor-widget elementor-widget-heading\" data-id=\"2ae74dd7\" data-element_type=\"widget\" data-widget_type=\"heading.default\">\n\t\t\t\t<div class=\"elementor-widget-container\">\n\t\t\t<h2 class=\"elementor-heading-title elementor-size-default\">OUR AUDITS<\/h2>\t\t<\/div>\n\t\t\t\t<\/div>\n\t\t\t\t\t<\/div>\n\t\t<\/div>\n\t\t\t\t\t\t\t<\/div>\n\t\t<\/section>\n\t\t\t\t<section class=\"elementor-section elementor-inner-section elementor-element elementor-element-5eecaabb elementor-section-boxed elementor-section-height-default elementor-section-height-default\" data-id=\"5eecaabb\" data-element_type=\"section\">\n\t\t\t\t\t\t<div class=\"elementor-container elementor-column-gap-default\">\n\t\t\t\t\t<div class=\"elementor-column elementor-col-100 elementor-inner-column elementor-element elementor-element-64b4f63e elementor-invisible\" data-id=\"64b4f63e\" data-element_type=\"column\" data-settings=\"{&quot;animation&quot;:&quot;fadeInLeft&quot;}\">\n\t\t\t<div class=\"elementor-widget-wrap elementor-element-populated\">\n\t\t\t\t\t\t\t\t<div class=\"elementor-element elementor-element-2695cb41 elementor-widget elementor-widget-elementskit-accordion\" data-id=\"2695cb41\" data-element_type=\"widget\" data-widget_type=\"elementskit-accordion.default\">\n\t\t\t\t<div class=\"elementor-widget-container\">\n\t\t\t<div class=\"ekit-wid-con\" >\n        <div class=\"elementskit-accordion accoedion-primary\" id=\"accordion-69f61fa4b8c11\">\n\n            \n                <div class=\"elementskit-card active\">\n                    <div class=\"elementskit-card-header\" id=\"primaryHeading-0-2695cb41\">\n                        <a href=\"#collapse-a25cb5469f61fa4b8c11\" class=\"ekit-accordion--toggler elementskit-btn-link collapsed\" data-ekit-toggle=\"collapse\" data-target=\"#Collapse-a25cb5469f61fa4b8c11\" aria-expanded=\"true\" aria-controls=\"Collapse-a25cb5469f61fa4b8c11\">\n                            \n                            <span class=\"ekit-accordion-title\">LEGAL AUDIT<\/span>\n\n                            \n                                <div class=\"ekit_accordion_icon_group\">\n                                    <div class=\"ekit_accordion_normal_icon\">\n                                        <!-- Normal Icon -->\n                                        <i aria-hidden=\"true\" class=\"icon-open icon-right fas fa-chevron-down\"><\/i>                                    <\/div>\n\n                                    <div class=\"ekit_accordion_active_icon\">\n                                        <!-- Active Icon -->\n                                        <i aria-hidden=\"true\" class=\"icon-closed icon-right fas fa-chevron-up\"><\/i>                                    <\/div>\n\n                                <\/div>\n\n                            \n                                                    <\/a>\n                    <\/div>\n\n                    <div id=\"Collapse-a25cb5469f61fa4b8c11\" class=\"show collapse\" aria-labelledby=\"primaryHeading-0-2695cb41\" data-parent=\"#accordion-69f61fa4b8c11\">\n\n                        <div class=\"elementskit-card-body ekit-accordion--content\">\n                            <p>Statutory audits are carried out in the context of statutory auditing, contribution auditing and\/or merger auditing.<br \/>The purpose of an audit is to issue an opinion on the fairness of a company's financial statements, and to validate the relevance and quality of financial information.<br \/>Statutory audit engagements are based on strict compliance with independence and conflict of interest rules. They are based on the application of national and international auditing standards.<\/p>                        <\/div>\n\n                    <\/div>\n\n                <\/div><!-- .elementskit-card END -->\n\n                \n                <div class=\"elementskit-card\">\n                    <div class=\"elementskit-card-header\" id=\"primaryHeading-1-2695cb41\">\n                        <a href=\"#collapse-f685a7669f61fa4b8c11\" class=\"ekit-accordion--toggler elementskit-btn-link collapsed\" data-ekit-toggle=\"collapse\" data-target=\"#Collapse-f685a7669f61fa4b8c11\" aria-expanded=\"false\" aria-controls=\"Collapse-f685a7669f61fa4b8c11\">\n                            \n                            <span class=\"ekit-accordion-title\">CONTRACTUAL AUDIT<\/span>\n\n                            \n                                <div class=\"ekit_accordion_icon_group\">\n                                    <div class=\"ekit_accordion_normal_icon\">\n                                        <!-- Normal Icon -->\n                                        <i aria-hidden=\"true\" class=\"icon-open icon-right fas fa-chevron-down\"><\/i>                                    <\/div>\n\n                                    <div class=\"ekit_accordion_active_icon\">\n                                        <!-- Active Icon -->\n                                        <i aria-hidden=\"true\" class=\"icon-closed icon-right fas fa-chevron-up\"><\/i>                                    <\/div>\n\n                                <\/div>\n\n                            \n                                                    <\/a>\n                    <\/div>\n\n                    <div id=\"Collapse-f685a7669f61fa4b8c11\" class=\"collapse\" aria-labelledby=\"primaryHeading-1-2695cb41\" data-parent=\"#accordion-69f61fa4b8c11\">\n\n                        <div class=\"elementskit-card-body ekit-accordion--content\">\n                            <p>Contractual auditing is a service tailored to your specific needs, with the aim of issuing an opinion on all or part of a company's accounts, in the following cases:<br \/>\u2022  partial contributions of assets, mergers, company takeovers<br \/>\u2022 Verifications in the event of a liability guarantee<br \/>\u2022 Business valuation<br \/>\u2022 Internal control assessment<br \/>\u2022 Continuation plan<br \/>\u2022 Restructuring (acquisitions, disposals, etc.)<\/p>                        <\/div>\n\n                    <\/div>\n\n                <\/div><!-- .elementskit-card END -->\n\n                        <\/div>\n    <\/div>\t\t<\/div>\n\t\t\t\t<\/div>\n\t\t\t\t\t<\/div>\n\t\t<\/div>\n\t\t\t\t\t\t\t<\/div>\n\t\t<\/section>\n\t\t\t\t\t<\/div>\n\t\t<\/div>\n\t\t\t\t\t\t\t<\/div>\n\t\t<\/section>\n\t\t\t\t<section class=\"elementor-section elementor-top-section elementor-element elementor-element-5c0b5cd elementor-section-boxed elementor-section-height-default elementor-section-height-default\" data-id=\"5c0b5cd\" data-element_type=\"section\" data-settings=\"{&quot;background_background&quot;:&quot;classic&quot;}\">\n\t\t\t\t\t\t\t<div class=\"elementor-background-overlay\"><\/div>\n\t\t\t\t\t\t\t<div class=\"elementor-container elementor-column-gap-default\">\n\t\t\t\t\t<div class=\"elementor-column elementor-col-100 elementor-top-column elementor-element elementor-element-22d24845 elementor-invisible\" data-id=\"22d24845\" data-element_type=\"column\" data-settings=\"{&quot;animation&quot;:&quot;fadeInRight&quot;}\">\n\t\t\t<div class=\"elementor-widget-wrap elementor-element-populated\">\n\t\t\t\t\t\t\t\t<div class=\"elementor-element elementor-element-55e8ac83 elementor-widget elementor-widget-heading\" data-id=\"55e8ac83\" data-element_type=\"widget\" data-widget_type=\"heading.default\">\n\t\t\t\t<div class=\"elementor-widget-container\">\n\t\t\t<h2 class=\"elementor-heading-title elementor-size-default\">OUR AUDIT ASSIGNMENTS ARE TAILORED TO YOUR NEEDS<\/h2>\t\t<\/div>\n\t\t\t\t<\/div>\n\t\t\t\t<div class=\"elementor-element elementor-element-3df60fa9 elementor-widget elementor-widget-text-editor\" data-id=\"3df60fa9\" data-element_type=\"widget\" data-widget_type=\"text-editor.default\">\n\t\t\t\t<div class=\"elementor-widget-container\">\n\t\t\t\t\t\t\t<ul><li>Statutory auditors<\/li><li>Statutory auditors<\/li><li>Commissariat \u00e0 la fusion<\/li><li>Social audit<\/li><li>Contractual audit (contribution audit, acquisition audit, legal audit)<\/li><\/ul>\t\t\t\t\t\t<\/div>\n\t\t\t\t<\/div>\n\t\t\t\t<div class=\"elementor-element elementor-element-1f0041e5 elementor-mobile-align-center elementor-widget elementor-widget-button\" data-id=\"1f0041e5\" data-element_type=\"widget\" data-widget_type=\"button.default\">\n\t\t\t\t<div class=\"elementor-widget-container\">\n\t\t\t\t\t<div class=\"elementor-button-wrapper\">\n\t\t\t<a href=\"https:\/\/www.cabinetaecc.com\/en\/contact\/\" class=\"elementor-button-link elementor-button elementor-size-md\" role=\"button\">\n\t\t\t\t\t\t<span class=\"elementor-button-content-wrapper\">\n\t\t\t\t\t\t<span class=\"elementor-button-text\">Contact us<\/span>\n\t\t<\/span>\n\t\t\t\t\t<\/a>\n\t\t<\/div>\n\t\t\t\t<\/div>\n\t\t\t\t<\/div>\n\t\t\t\t\t<\/div>\n\t\t<\/div>\n\t\t\t\t\t\t\t<\/div>\n\t\t<\/section>\n\t\t\t\t\t\t\t<\/div>","protected":false},"excerpt":{"rendered":"<p>S\u00e9curisez vos activit\u00e9s financi\u00e8res avec nos audits l\u00e9gaux et contractuels. Nous avons l\u2019expertise&nbsp; AUDIT CONTRACTUEL OU AUDIT L\u00c9GAL Les missions d\u2019audit l\u00e9gal et d\u2019audit contractuel de nos commissaires aux comptes vous garantissent un suivi optimis\u00e9, une vue pr\u00e9cise de vos activit\u00e9s et une fiabilit\u00e9 de l\u2019information financi\u00e8re. Le cabinet AECC s\u00e9curise votre activit\u00e9 et optimise [&hellip;]<\/p>","protected":false},"author":1,"featured_media":0,"parent":0,"menu_order":0,"comment_status":"closed","ping_status":"closed","template":"","meta":{"footnotes":""},"class_list":["post-1418","page","type-page","status-publish","hentry"],"_links":{"self":[{"href":"https:\/\/www.cabinetaecc.com\/en\/wp-json\/wp\/v2\/pages\/1418","targetHints":{"allow":["GET"]}}],"collection":[{"href":"https:\/\/www.cabinetaecc.com\/en\/wp-json\/wp\/v2\/pages"}],"about":[{"href":"https:\/\/www.cabinetaecc.com\/en\/wp-json\/wp\/v2\/types\/page"}],"author":[{"embeddable":true,"href":"https:\/\/www.cabinetaecc.com\/en\/wp-json\/wp\/v2\/users\/1"}],"replies":[{"embeddable":true,"href":"https:\/\/www.cabinetaecc.com\/en\/wp-json\/wp\/v2\/comments?post=1418"}],"version-history":[{"count":38,"href":"https:\/\/www.cabinetaecc.com\/en\/wp-json\/wp\/v2\/pages\/1418\/revisions"}],"predecessor-version":[{"id":2254,"href":"https:\/\/www.cabinetaecc.com\/en\/wp-json\/wp\/v2\/pages\/1418\/revisions\/2254"}],"wp:attachment":[{"href":"https:\/\/www.cabinetaecc.com\/en\/wp-json\/wp\/v2\/media?parent=1418"}],"curies":[{"name":"wp","href":"https:\/\/api.w.org\/{rel}","templated":true}]}}